{"id":26088,"date":"2024-12-11T10:38:26","date_gmt":"2024-12-11T10:38:26","guid":{"rendered":"https:\/\/crazy-daisy.at\/impressum\/"},"modified":"2024-12-23T17:56:30","modified_gmt":"2024-12-23T17:56:30","slug":"impressum","status":"publish","type":"page","link":"https:\/\/crazy-daisy.at\/de\/impressum\/","title":{"rendered":"Impressum"},"content":{"rendered":"\t\t<div data-elementor-type=\"wp-post\" data-elementor-id=\"26088\" class=\"elementor elementor-26088 elementor-25664\" data-elementor-post-type=\"page\">\n\t\t\t\t<div data-particle_enable=\"false\" data-particle-mobile-disabled=\"false\" data-dce-background-image-url=\"https:\/\/crazy-daisy.at\/wp-content\/uploads\/2024\/12\/Daisys_Heaven_View_Lake_Mountain_Grand_Hotel_Zell_am_See.jpg\" class=\"elementor-element elementor-element-c0f16ae e-con-full e-flex e-con e-parent\" data-id=\"c0f16ae\" data-element_type=\"container\" data-e-type=\"container\" data-settings=\"{&quot;background_background&quot;:&quot;classic&quot;}\">\n\t\t<div data-particle_enable=\"false\" data-particle-mobile-disabled=\"false\" class=\"elementor-element elementor-element-9807c7b e-flex e-con-boxed e-con e-child\" data-id=\"9807c7b\" data-element_type=\"container\" data-e-type=\"container\">\n\t\t\t\t\t<div class=\"e-con-inner\">\n\t\t<div data-particle_enable=\"false\" data-particle-mobile-disabled=\"false\" data-dce-background-overlay-color=\"#3333338A\" class=\"elementor-element elementor-element-3f6518c e-con-full e-flex e-con e-child\" data-id=\"3f6518c\" data-element_type=\"container\" data-e-type=\"container\" data-settings=\"{&quot;background_background&quot;:&quot;classic&quot;}\">\n\t\t\t\t<div class=\"elementor-element elementor-element-8e2a521 elementor-widget elementor-widget-text-editor\" data-id=\"8e2a521\" data-element_type=\"widget\" data-e-type=\"widget\" data-widget_type=\"text-editor.default\">\n\t\t\t\t<div class=\"elementor-widget-container\">\n\t\t\t\t\t\t\t\t\t<p>IMPRESSUM<\/p>\n\t\t\t\t\t\t\t\t<\/div>\n\t\t\t\t<\/div>\n\t\t\t\t<\/div>\n\t\t\t\t\t<\/div>\n\t\t\t\t<\/div>\n\t\t\t\t<\/div>\n\t\t<div data-particle_enable=\"false\" data-particle-mobile-disabled=\"false\" class=\"elementor-element elementor-element-2fb3152 e-con-full e-flex e-con e-parent\" data-id=\"2fb3152\" data-element_type=\"container\" data-e-type=\"container\" data-settings=\"{&quot;background_background&quot;:&quot;classic&quot;}\">\n\t\t<div data-particle_enable=\"false\" data-particle-mobile-disabled=\"false\" class=\"elementor-element elementor-element-677322c e-flex e-con-boxed e-con e-child\" data-id=\"677322c\" data-element_type=\"container\" data-e-type=\"container\">\n\t\t\t\t\t<div class=\"e-con-inner\">\n\t\t<div data-particle_enable=\"false\" data-particle-mobile-disabled=\"false\" class=\"elementor-element elementor-element-7f15fcb e-con-full e-flex e-con e-child\" data-id=\"7f15fcb\" data-element_type=\"container\" data-e-type=\"container\">\n\t\t\t\t<div class=\"elementor-element elementor-element-a7a47f0 underlined-text elementor-widget elementor-widget-heading\" data-id=\"a7a47f0\" data-element_type=\"widget\" data-e-type=\"widget\" data-widget_type=\"heading.default\">\n\t\t\t\t<div class=\"elementor-widget-container\">\n\t\t\t\t\t<h1 class=\"elementor-heading-title elementor-size-default\">Rechtlicher Hinweis<\/h1>\t\t\t\t<\/div>\n\t\t\t\t<\/div>\n\t\t\t\t<\/div>\n\t\t<div data-particle_enable=\"false\" data-particle-mobile-disabled=\"false\" class=\"elementor-element elementor-element-c75ec4a e-con-full e-flex e-con e-child\" data-id=\"c75ec4a\" data-element_type=\"container\" data-e-type=\"container\">\n\t\t<div data-particle_enable=\"false\" data-particle-mobile-disabled=\"false\" class=\"elementor-element elementor-element-5f75bb0 e-con-full e-flex e-con e-child\" data-id=\"5f75bb0\" data-element_type=\"container\" data-e-type=\"container\">\n\t\t<div data-particle_enable=\"false\" data-particle-mobile-disabled=\"false\" class=\"elementor-element elementor-element-865b07a e-con-full e-flex e-con e-child\" data-id=\"865b07a\" data-element_type=\"container\" data-e-type=\"container\" data-settings=\"{&quot;background_background&quot;:&quot;classic&quot;}\">\n\t\t\t\t<div class=\"elementor-element elementor-element-3f636c1 elementor-widget elementor-widget-heading\" data-id=\"3f636c1\" data-element_type=\"widget\" data-e-type=\"widget\" data-widget_type=\"heading.default\">\n\t\t\t\t<div class=\"elementor-widget-container\">\n\t\t\t\t\t<h2 class=\"elementor-heading-title elementor-size-default\">Villa CRAZY DAISY<\/h2>\t\t\t\t<\/div>\n\t\t\t\t<\/div>\n\t\t\t\t<div class=\"elementor-element elementor-element-09f7179 elementor-widget elementor-widget-text-editor\" data-id=\"09f7179\" data-element_type=\"widget\" data-e-type=\"widget\" data-widget_type=\"text-editor.default\">\n\t\t\t\t<div class=\"elementor-widget-container\">\n\t\t\t\t\t\t\t\t\t<p>LHM Gastro GmbH<\/p>\n\t\t\t\t\t\t\t\t<\/div>\n\t\t\t\t<\/div>\n\t\t\t\t<div class=\"elementor-element elementor-element-18ff5f6 elementor-widget elementor-widget-text-editor\" data-id=\"18ff5f6\" data-element_type=\"widget\" data-e-type=\"widget\" data-widget_type=\"text-editor.default\">\n\t\t\t\t<div class=\"elementor-widget-container\">\n\t\t\t\t\t\t\t\t\t<p>Salzmannstra\u00dfe 8<br \/>+A-5700 Zell am See<\/p>\n\t\t\t\t\t\t\t\t<\/div>\n\t\t\t\t<\/div>\n\t\t\t\t<div data-dce-text-color=\"#FCFAFA\" class=\"elementor-element elementor-element-2c5431b elementor-widget elementor-widget-text-editor\" data-id=\"2c5431b\" data-element_type=\"widget\" data-e-type=\"widget\" data-widget_type=\"text-editor.default\">\n\t\t\t\t<div class=\"elementor-widget-container\">\n\t\t\t\t\t\t\t\t\t<p><span style=\"color: #f5f5f5; font-size: 1.5rem; transition: color 0.3s;\"><br \/><a style=\"color: inherit; text-decoration: none;\" href=\"tel:+436542725260\">+43 6542 72 52 60<\/a><br \/><\/span><\/p>\n\t\t\t\t\t\t\t\t<\/div>\n\t\t\t\t<\/div>\n\t\t\t\t<div data-dce-text-color=\"#FCFAFA\" class=\"elementor-element elementor-element-4340051 elementor-widget elementor-widget-text-editor\" data-id=\"4340051\" data-element_type=\"widget\" data-e-type=\"widget\" data-widget_type=\"text-editor.default\">\n\t\t\t\t<div class=\"elementor-widget-container\">\n\t\t\t\t\t\t\t\t\t<p><span style=\"color: #f5f5f5; font-size: 1.5rem; transition: color 0.3s;\"><br \/><a style=\"color: inherit; text-decoration: none;\" href=\"mailto:villa@crazy-daisy.at\">villa@crazy-daisy.at<\/a><br \/><\/span><\/p>\n\t\t\t\t\t\t\t\t<\/div>\n\t\t\t\t<\/div>\n\t\t\t\t<\/div>\n\t\t<div data-particle_enable=\"false\" data-particle-mobile-disabled=\"false\" class=\"elementor-element elementor-element-7514349 e-con-full e-flex e-con e-child\" data-id=\"7514349\" data-element_type=\"container\" data-e-type=\"container\" data-settings=\"{&quot;background_background&quot;:&quot;classic&quot;}\">\n\t\t\t\t<div class=\"elementor-element elementor-element-f749d8c elementor-widget elementor-widget-text-editor\" data-id=\"f749d8c\" data-element_type=\"widget\" data-e-type=\"widget\" data-widget_type=\"text-editor.default\">\n\t\t\t\t<div class=\"elementor-widget-container\">\n\t\t\t\t\t\t\t\t\t<p><b>UID Nr:<\/b> ATU 58104599<\/p>\n\t\t\t\t\t\t\t\t<\/div>\n\t\t\t\t<\/div>\n\t\t\t\t<div class=\"elementor-element elementor-element-00d0365 elementor-widget elementor-widget-text-editor\" data-id=\"00d0365\" data-element_type=\"widget\" data-e-type=\"widget\" data-widget_type=\"text-editor.default\">\n\t\t\t\t<div class=\"elementor-widget-container\">\n\t\t\t\t\t\t\t\t\t<p><b>Gerichtsstand:<\/b> Zell am See<\/p>\n\t\t\t\t\t\t\t\t<\/div>\n\t\t\t\t<\/div>\n\t\t\t\t<div class=\"elementor-element elementor-element-6c66061 elementor-widget elementor-widget-text-editor\" data-id=\"6c66061\" data-element_type=\"widget\" data-e-type=\"widget\" data-widget_type=\"text-editor.default\">\n\t\t\t\t<div class=\"elementor-widget-container\">\n\t\t\t\t\t\t\t\t\t<p><b>Medienzweck:<\/b> Information von Kunden, Freunden und Interessenten \u00fcber die Gesch\u00e4fte und die Einreichungen des Unternehmens.<\/p>\n\t\t\t\t\t\t\t\t<\/div>\n\t\t\t\t<\/div>\n\t\t\t\t<div class=\"elementor-element elementor-element-6769dd4 elementor-widget elementor-widget-text-editor\" data-id=\"6769dd4\" data-element_type=\"widget\" data-e-type=\"widget\" data-widget_type=\"text-editor.default\">\n\t\t\t\t<div class=\"elementor-widget-container\">\n\t\t\t\t\t\t\t\t\t<p><b>Bilder und Fotos:<\/b> Archiv crazy-daisy.at, Nikolaus Faistauer Fotografie<\/p>\n\t\t\t\t\t\t\t\t<\/div>\n\t\t\t\t<\/div>\n\t\t\t\t<\/div>\n\t\t\t\t<\/div>\n\t\t<div data-particle_enable=\"false\" data-particle-mobile-disabled=\"false\" class=\"elementor-element elementor-element-aa38724 e-con-full e-flex e-con e-child\" data-id=\"aa38724\" data-element_type=\"container\" data-e-type=\"container\">\n\t\t<div data-particle_enable=\"false\" data-particle-mobile-disabled=\"false\" class=\"elementor-element elementor-element-fd1b58b e-con-full e-flex e-con e-child\" data-id=\"fd1b58b\" data-element_type=\"container\" data-e-type=\"container\" data-settings=\"{&quot;background_background&quot;:&quot;classic&quot;}\">\n\t\t\t\t<div class=\"elementor-element elementor-element-c7c508c elementor-widget elementor-widget-text-editor\" data-id=\"c7c508c\" data-element_type=\"widget\" data-e-type=\"widget\" data-widget_type=\"text-editor.default\">\n\t\t\t\t<div class=\"elementor-widget-container\">\n\t\t\t\t\t\t\t\t\t<p><b>Garantie<\/b><\/p>\n\t\t\t\t\t\t\t\t<\/div>\n\t\t\t\t<\/div>\n\t\t\t\t<div class=\"elementor-element elementor-element-9834934 elementor-widget elementor-widget-text-editor\" data-id=\"9834934\" data-element_type=\"widget\" data-e-type=\"widget\" data-widget_type=\"text-editor.default\">\n\t\t\t\t<div class=\"elementor-widget-container\">\n\t\t\t\t\t\t\t\t\t<p>Wir bem\u00fchen uns, korrekte und aktuelle Informationen bereitzustellen. Es k\u00f6nnen jedoch Fehler auftreten. Der Inhalt wurde sorgf\u00e4ltig zusammengestellt. Die Autoren und der Herausgeber \u00fcbernehmen jedoch keine Verantwortung oder Haftung f\u00fcr die Richtigkeit, Zuverl\u00e4ssigkeit, Vollst\u00e4ndigkeit und Aktualit\u00e4t der Informationen. Die Nutzung der Website und der darin enthaltenen Informationen erfolgt auf Ihr eigenes Risiko. \u00c4nderungen k\u00f6nnen jederzeit vorgenommen werden.<\/p>\n\t\t\t\t\t\t\t\t<\/div>\n\t\t\t\t<\/div>\n\t\t\t\t<div class=\"elementor-element elementor-element-764e145 elementor-widget elementor-widget-text-editor\" data-id=\"764e145\" data-element_type=\"widget\" data-e-type=\"widget\" data-widget_type=\"text-editor.default\">\n\t\t\t\t<div class=\"elementor-widget-container\">\n\t\t\t\t\t\t\t\t\t<p><b>Online-Inhalt:<\/b><\/p>\n\t\t\t\t\t\t\t\t<\/div>\n\t\t\t\t<\/div>\n\t\t\t\t<div class=\"elementor-element elementor-element-4eda014 elementor-widget elementor-widget-text-editor\" data-id=\"4eda014\" data-element_type=\"widget\" data-e-type=\"widget\" data-widget_type=\"text-editor.default\">\n\t\t\t\t<div class=\"elementor-widget-container\">\n\t\t\t\t\t\t\t\t\t<p>Wir \u00fcbernehmen keinerlei Gew\u00e4hr f\u00fcr die Aktualit\u00e4t, Korrektheit, Vollst\u00e4ndigkeit oder Qualit\u00e4t der bereitgestellten Informationen. Haftungsanspr\u00fcche gegen uns, welche sich auf Sch\u00e4den materieller oder ideeller Art beziehen, die durch die Nutzung oder Nichtnutzung der dargebotenen Informationen bzw. durch die Nutzung fehlerhafter und unvollst\u00e4ndiger Informationen verursacht wurden, sind grunds\u00e4tzlich ausgeschlossen, sofern unsererseits kein nachweislich vors\u00e4tzliches oder grob fahrl\u00e4ssiges Verschulden vorliegt, alle Onlineangebote sind freibleibend. Wir behalten es uns vor, Teile des Angebots oder das gesamte Angebot ohne gesonderte Ank\u00fcndigung zu ver\u00e4ndern, zu erg\u00e4nzen, zu l\u00f6schen oder die Ver\u00f6ffentlichung zeitweise oder endg\u00fcltig einzustellen.<\/p>\n\t\t\t\t\t\t\t\t<\/div>\n\t\t\t\t<\/div>\n\t\t\t\t<div class=\"elementor-element elementor-element-73ba1f6 elementor-widget elementor-widget-text-editor\" data-id=\"73ba1f6\" data-element_type=\"widget\" data-e-type=\"widget\" data-widget_type=\"text-editor.default\">\n\t\t\t\t<div class=\"elementor-widget-container\">\n\t\t\t\t\t\t\t\t\t<p><b>Referenzen und Links<\/b><\/p>\n\t\t\t\t\t\t\t\t<\/div>\n\t\t\t\t<\/div>\n\t\t\t\t<div class=\"elementor-element elementor-element-be76a08 elementor-widget elementor-widget-text-editor\" data-id=\"be76a08\" data-element_type=\"widget\" data-e-type=\"widget\" data-widget_type=\"text-editor.default\">\n\t\t\t\t<div class=\"elementor-widget-container\">\n\t\t\t\t\t\t\t\t\t<p>Bei direkten oder indirekten Verweisen auf fremde Internetseiten (&#8222;Links&#8220;), die au\u00dferhalb des Verantwortungsbereiches von uns liegen, w\u00fcrde eine Haftungsverpflichtung ausschlie\u00dflich in dem Fall in Kraft treten, in dem wir von den Inhalten Kenntnis haben und es uns technisch m\u00f6glich und zumutbar w\u00e4re, die Nutzung im Falle rechtswidriger Inhalte zu verhindern. Wir erkl\u00e4ren hiermit, dass zum Zeitpunkt der Verlinkung die entsprechenden verlinkten Seiten frei von illegalen Inhalten waren. Auf die aktuelle und zuk\u00fcnftige Gestaltung, die Inhalte oder die Urheberschaft der verlinkten Seiten haben wir keinerlei Einfluss. Deshalb distanzieren wir uns ausdr\u00fccklich von allen Inhalten der verlinkten Seiten, die nach der Linksetzung ver\u00e4ndert wurden. Diese Feststellung gilt f\u00fcr alle innerhalb des eigenen Internetangebotes gesetzten Links und Verweise sowie f\u00fcr Fremdeintr\u00e4ge in vom Unternehmen eingerichteten Diensten wie G\u00e4steb\u00fcchern, Diskussionsforen, Mailinglisten und \u00c4hnlichem. F\u00fcr illegale, fehlerhafte oder unvollst\u00e4ndige Inhalte und insbesondere f\u00fcr Sch\u00e4den, die aus der Nutzung oder Nichtnutzung solcherart dargebotener Informationen entstehen, haftet allein der Anbieter der Seite, auf welche verwiesen wurde, nicht derjenige, der \u00fcber Links auf diese Seiten verweist.<\/p>\n\t\t\t\t\t\t\t\t<\/div>\n\t\t\t\t<\/div>\n\t\t\t\t<div class=\"elementor-element elementor-element-85bca0c elementor-widget elementor-widget-text-editor\" data-id=\"85bca0c\" data-element_type=\"widget\" data-e-type=\"widget\" data-widget_type=\"text-editor.default\">\n\t\t\t\t<div class=\"elementor-widget-container\">\n\t\t\t\t\t\t\t\t\t<p><b>Urheberrecht und Markenrecht<\/b><\/p>\n\t\t\t\t\t\t\t\t<\/div>\n\t\t\t\t<\/div>\n\t\t\t\t<div class=\"elementor-element elementor-element-ac6a967 elementor-widget elementor-widget-text-editor\" data-id=\"ac6a967\" data-element_type=\"widget\" data-e-type=\"widget\" data-widget_type=\"text-editor.default\">\n\t\t\t\t<div class=\"elementor-widget-container\">\n\t\t\t\t\t\t\t\t\t<p>Wir sind bestrebt, die Urheberrechte der verwendeten Grafiken, Tondokumente, Videosequenzen und Texte zu beachten, selbst erstellte Grafiken, Tondokumente, Videosequenzen und Texte zu nutzen oder auf lizenzfreie Grafiken, Tondokumente, Videosequenzen und Texte zur\u00fcckzugreifen. Alle ggf. durch Dritte gesch\u00fctzten Internet-Marken und Warenzeichen unterliegen den Bestimmungen des geltenden Markenrechts und den Eigentumsrechten der jeweiligen Rechteinhaber. Allein aufgrund der blo\u00dfen Nennung ist nicht der Schluss zu ziehen, dass Markenzeichen nicht durch das Gesetz gesch\u00fctzt sind! Eine Vervielf\u00e4ltigung oder Verwendung von Grafiken, Tondokumenten, Videosequenzen und Texten in anderen elektronischen oder gedruckten Publikationen ist ohne ausdr\u00fcckliche Zustimmung von uns nicht gestattet.<\/p>\n\t\t\t\t\t\t\t\t<\/div>\n\t\t\t\t<\/div>\n\t\t\t\t<div class=\"elementor-element elementor-element-9ceb818 elementor-widget elementor-widget-text-editor\" data-id=\"9ceb818\" data-element_type=\"widget\" data-e-type=\"widget\" data-widget_type=\"text-editor.default\">\n\t\t\t\t<div class=\"elementor-widget-container\">\n\t\t\t\t\t\t\t\t\t<p><b>Copyright \/ Haftung<\/b><\/p>\n\t\t\t\t\t\t\t\t<\/div>\n\t\t\t\t<\/div>\n\t\t\t\t<div class=\"elementor-element elementor-element-43cc2de elementor-widget elementor-widget-text-editor\" data-id=\"43cc2de\" data-element_type=\"widget\" data-e-type=\"widget\" data-widget_type=\"text-editor.default\">\n\t\t\t\t<div class=\"elementor-widget-container\">\n\t\t\t\t\t\t\t\t\tIm Hinblick auf die technischen Eigenschaften des Internet kann keine Gew\u00e4hr f\u00fcr die Authentizit\u00e4t, Richtigkeit und Vollst\u00e4ndigkeit der im Internet zur Verf\u00fcgung gestellten Informationen \u00fcbernommen werden. Wir \u00fcbernehmen auch keine Haftung f\u00fcr die Verf\u00fcgbarkeit oder den Betrieb dieser Website und ihrer Inhalte. Jede Haftung f\u00fcr unmittelbare, mittelbare oder sonstige Sch\u00e4den, unabh\u00e4ngig von deren Ursachen, die aus der Benutzung oder Nichtverf\u00fcgbarkeit der Daten und Informationen dieser Website erwachsen, wird, soweit rechtlich zul\u00e4ssig, ausgeschlossen. Der Inhalt dieser Website ist urheberrechtlich gesch\u00fctzt. Die Informationen sind nur f\u00fcr den pers\u00f6nlichen Gebrauch bestimmt. Jede weitergehende Verwendung, insbesondere die Speicherung in Datenbanken, Vervielf\u00e4ltigung und jede Form von gewerblicher Nutzung sowie die Weitergabe an Dritte &#8211; auch in Teilen oder in \u00fcberarbeiteter Form &#8211; ohne Zustimmung der Organisation ist untersagt. Die Einbindung einzelner Seiten unserer Website auf anderen Websites ist untersagt.\t\t\t\t\t\t\t\t<\/div>\n\t\t\t\t<\/div>\n\t\t\t\t<div class=\"elementor-element elementor-element-d1d2b5d elementor-widget elementor-widget-text-editor\" data-id=\"d1d2b5d\" data-element_type=\"widget\" data-e-type=\"widget\" data-widget_type=\"text-editor.default\">\n\t\t\t\t<div class=\"elementor-widget-container\">\n\t\t\t\t\t\t\t\t\t<p><b>Andere<\/b><\/p>\n\t\t\t\t\t\t\t\t<\/div>\n\t\t\t\t<\/div>\n\t\t\t\t<div class=\"elementor-element elementor-element-8254d8a elementor-widget elementor-widget-text-editor\" data-id=\"8254d8a\" data-element_type=\"widget\" data-e-type=\"widget\" data-widget_type=\"text-editor.default\">\n\t\t\t\t<div class=\"elementor-widget-container\">\n\t\t\t\t\t\t\t\t\t<p>Sofern Teile oder einzelne Formulierungen dieses Textes der geltenden Rechtslage nicht, nicht mehr oder nicht vollst\u00e4ndig entsprechen sollten, bleiben die \u00fcbrigen Teile des Dokumentes in ihrem Inhalt und ihrer G\u00fcltigkeit davon unber\u00fchrt.<\/p>\n\t\t\t\t\t\t\t\t<\/div>\n\t\t\t\t<\/div>\n\t\t\t\t<\/div>\n\t\t\t\t<\/div>\n\t\t\t\t<\/div>\n\t\t\t\t\t<\/div>\n\t\t\t\t<\/div>\n\t\t\t\t<\/div>\n\t\t<div data-particle_enable=\"false\" data-particle-mobile-disabled=\"false\" class=\"elementor-element elementor-element-5d5770c e-con-full e-flex e-con e-parent\" data-id=\"5d5770c\" data-element_type=\"container\" data-e-type=\"container\" data-settings=\"{&quot;background_background&quot;:&quot;gradient&quot;}\">\n\t\t\t\t<\/div>\n\t\t\t\t<\/div>\n\t\t","protected":false},"excerpt":{"rendered":"<p>IMPRESSUM Rechtlicher Hinweis Villa CRAZY DAISY LHM Gastro GmbH Salzmannstra\u00dfe 8+A-5700 Zell am See +43 6542 72 52 60 villa@crazy-daisy.at UID Nr: ATU 58104599 Gerichtsstand: Zell am See Medienzweck: Information von Kunden, Freunden und Interessenten \u00fcber die Gesch\u00e4fte und die Einreichungen des Unternehmens. Bilder und Fotos: Archiv crazy-daisy.at, Nikolaus Faistauer Fotografie Garantie Wir bem\u00fchen uns, [&hellip;]<\/p>\n","protected":false},"author":7,"featured_media":0,"parent":0,"menu_order":0,"comment_status":"closed","ping_status":"closed","template":"elementor_header_footer","meta":{"_acf_changed":false,"_seopress_robots_primary_cat":"","_seopress_titles_title":"Rechtliche Hinweise - Villa Crazy Daisy","_seopress_titles_desc":"Hier finden Sie wichtige Gesch\u00e4ftsinformationen, Details zu den Eigent\u00fcmern und rechtliche Hinweise zur Villa Crazy Daisy in Zell am See.","_seopress_robots_index":"","footnotes":""},"class_list":["post-26088","page","type-page","status-publish","hentry"],"acf":[],"_links":{"self":[{"href":"https:\/\/crazy-daisy.at\/de\/wp-json\/wp\/v2\/pages\/26088","targetHints":{"allow":["GET"]}}],"collection":[{"href":"https:\/\/crazy-daisy.at\/de\/wp-json\/wp\/v2\/pages"}],"about":[{"href":"https:\/\/crazy-daisy.at\/de\/wp-json\/wp\/v2\/types\/page"}],"author":[{"embeddable":true,"href":"https:\/\/crazy-daisy.at\/de\/wp-json\/wp\/v2\/users\/7"}],"replies":[{"embeddable":true,"href":"https:\/\/crazy-daisy.at\/de\/wp-json\/wp\/v2\/comments?post=26088"}],"version-history":[{"count":5,"href":"https:\/\/crazy-daisy.at\/de\/wp-json\/wp\/v2\/pages\/26088\/revisions"}],"predecessor-version":[{"id":26153,"href":"https:\/\/crazy-daisy.at\/de\/wp-json\/wp\/v2\/pages\/26088\/revisions\/26153"}],"wp:attachment":[{"href":"https:\/\/crazy-daisy.at\/de\/wp-json\/wp\/v2\/media?parent=26088"}],"curies":[{"name":"wp","href":"https:\/\/api.w.org\/{rel}","templated":true}]}}