{"id":26060,"date":"2024-10-31T12:39:59","date_gmt":"2024-10-31T12:39:59","guid":{"rendered":"https:\/\/crazy-daisy.at\/apres-chill\/"},"modified":"2025-08-04T06:48:45","modified_gmt":"2025-08-04T06:48:45","slug":"apres-chill","status":"publish","type":"page","link":"https:\/\/crazy-daisy.at\/de\/apres-chill\/","title":{"rendered":"Apr\u00e8s Chill"},"content":{"rendered":"\t\t<div data-elementor-type=\"wp-post\" data-elementor-id=\"26060\" class=\"elementor elementor-26060 elementor-23481\" data-elementor-post-type=\"page\">\n\t\t\t\t<div data-particle_enable=\"false\" data-particle-mobile-disabled=\"false\" data-dce-background-image-url=\"https:\/\/crazy-daisy.at\/wp-content\/uploads\/2024\/10\/Apres_Chill_Schnee_Outdoor_Drinks.jpg\" class=\"elementor-element elementor-element-e1a1f7c e-con-full e-flex e-con e-parent\" data-id=\"e1a1f7c\" data-element_type=\"container\" data-e-type=\"container\" data-settings=\"{&quot;background_background&quot;:&quot;classic&quot;}\">\n\t\t<div data-particle_enable=\"false\" data-particle-mobile-disabled=\"false\" class=\"elementor-element elementor-element-9627b08 e-flex e-con-boxed e-con e-child\" data-id=\"9627b08\" data-element_type=\"container\" data-e-type=\"container\">\n\t\t\t\t\t<div class=\"e-con-inner\">\n\t\t<div data-particle_enable=\"false\" data-particle-mobile-disabled=\"false\" data-dce-background-overlay-color=\"#3333338A\" class=\"elementor-element elementor-element-21a87ca e-con-full e-flex e-con e-child\" data-id=\"21a87ca\" data-element_type=\"container\" data-e-type=\"container\" data-settings=\"{&quot;background_background&quot;:&quot;classic&quot;}\">\n\t\t\t\t<div class=\"elementor-element elementor-element-4bf5d5f elementor-widget elementor-widget-text-editor\" data-id=\"4bf5d5f\" data-element_type=\"widget\" data-e-type=\"widget\" data-widget_type=\"text-editor.default\">\n\t\t\t\t<div class=\"elementor-widget-container\">\n\t\t\t\t\t\t\t\t\t<p>RESTAURANT | BAR | EVENTS<\/p>\t\t\t\t\t\t\t\t<\/div>\n\t\t\t\t<\/div>\n\t\t\t\t<div class=\"elementor-element elementor-element-5a4ba40 elementor-widget elementor-widget-text-editor\" data-id=\"5a4ba40\" data-element_type=\"widget\" data-e-type=\"widget\" data-widget_type=\"text-editor.default\">\n\t\t\t\t<div class=\"elementor-widget-container\">\n\t\t\t\t\t\t\t\t\t<p>APR\u00c8S<br>CHILL<\/p>\t\t\t\t\t\t\t\t<\/div>\n\t\t\t\t<\/div>\n\t\t\t\t<div class=\"elementor-element elementor-element-d436010 elementor-widget elementor-widget-text-editor\" data-id=\"d436010\" data-element_type=\"widget\" data-e-type=\"widget\" data-widget_type=\"text-editor.default\">\n\t\t\t\t<div class=\"elementor-widget-container\">\n\t\t\t\t\t\t\t\t\tK\u00fchle Beats, <br>Warme Getr\u00e4nke\t\t\t\t\t\t\t\t<\/div>\n\t\t\t\t<\/div>\n\t\t\t\t<\/div>\n\t\t\t\t\t<\/div>\n\t\t\t\t<\/div>\n\t\t\t\t<\/div>\n\t\t<div data-particle_enable=\"false\" data-particle-mobile-disabled=\"false\" class=\"elementor-element elementor-element-e8b8c9e e-con-full e-flex e-con e-parent\" data-id=\"e8b8c9e\" data-element_type=\"container\" data-e-type=\"container\" data-settings=\"{&quot;background_background&quot;:&quot;classic&quot;}\">\n\t\t<div data-particle_enable=\"false\" data-particle-mobile-disabled=\"false\" class=\"elementor-element elementor-element-0a357b1 e-flex e-con-boxed e-con e-child\" data-id=\"0a357b1\" data-element_type=\"container\" data-e-type=\"container\">\n\t\t\t\t\t<div class=\"e-con-inner\">\n\t\t<div data-particle_enable=\"false\" data-particle-mobile-disabled=\"false\" class=\"elementor-element elementor-element-84d2dac e-con-full e-flex e-con e-child\" data-id=\"84d2dac\" data-element_type=\"container\" data-e-type=\"container\">\n\t\t\t\t<div class=\"elementor-element elementor-element-30da017 underlined-text elementor-widget elementor-widget-heading\" data-id=\"30da017\" data-element_type=\"widget\" data-e-type=\"widget\" data-widget_type=\"heading.default\">\n\t\t\t\t<div class=\"elementor-widget-container\">\n\t\t\t\t\t<h1 class=\"elementor-heading-title elementor-size-default\">CRAZY DAISY's Apr\u00e8s Chill<\/h1>\t\t\t\t<\/div>\n\t\t\t\t<\/div>\n\t\t\t\t<\/div>\n\t\t<div data-particle_enable=\"false\" data-particle-mobile-disabled=\"false\" class=\"elementor-element elementor-element-2823d13 e-con-full e-flex e-con e-child\" data-id=\"2823d13\" data-element_type=\"container\" data-e-type=\"container\">\n\t\t\t\t<div class=\"elementor-element elementor-element-f4ef9dd elementor-widget elementor-widget-heading\" data-id=\"f4ef9dd\" data-element_type=\"widget\" data-e-type=\"widget\" data-widget_type=\"heading.default\">\n\t\t\t\t<div class=\"elementor-widget-container\">\n\t\t\t\t\t<h2 class=\"elementor-heading-title elementor-size-default\">Der k\u00fchlste Ort des Winters <span class=\"mobile-break\"><\/span>in Zell am See<\/h2>\t\t\t\t<\/div>\n\t\t\t\t<\/div>\n\t\t<div data-particle_enable=\"false\" data-particle-mobile-disabled=\"false\" class=\"elementor-element elementor-element-83f4aeb e-con-full e-flex e-con e-child\" data-id=\"83f4aeb\" data-element_type=\"container\" data-e-type=\"container\">\n\t\t<div data-particle_enable=\"false\" data-particle-mobile-disabled=\"false\" data-dce-background-image-url=\"https:\/\/crazy-daisy.at\/wp-content\/uploads\/2024\/12\/Apres_Chill_Schnee_Outdoor_Drinks_music.jpg\" class=\"elementor-element elementor-element-6a17a23 e-con-full e-flex e-con e-child\" data-id=\"6a17a23\" data-element_type=\"container\" data-e-type=\"container\" data-settings=\"{&quot;background_background&quot;:&quot;classic&quot;}\">\n\t\t\t\t<\/div>\n\t\t<div data-particle_enable=\"false\" data-particle-mobile-disabled=\"false\" class=\"elementor-element elementor-element-6dd6710 e-con-full e-flex e-con e-child\" data-id=\"6dd6710\" data-element_type=\"container\" data-e-type=\"container\" data-settings=\"{&quot;background_background&quot;:&quot;classic&quot;}\">\n\t\t\t\t<div class=\"elementor-element elementor-element-8564cf0 elementor-widget elementor-widget-heading\" data-id=\"8564cf0\" data-element_type=\"widget\" data-e-type=\"widget\" data-widget_type=\"heading.default\">\n\t\t\t\t<div class=\"elementor-widget-container\">\n\t\t\t\t\t<h2 class=\"elementor-heading-title elementor-size-default\">Alpine Vibes,<br>ultimative Abk\u00fchlung<\/h2>\t\t\t\t<\/div>\n\t\t\t\t<\/div>\n\t\t\t\t<div class=\"elementor-element elementor-element-d423587 elementor-widget elementor-widget-text-editor\" data-id=\"d423587\" data-element_type=\"widget\" data-e-type=\"widget\" data-widget_type=\"text-editor.default\">\n\t\t\t\t<div class=\"elementor-widget-container\">\n\t\t\t\t\t\t\t\t\t<p>Apr\u00e8s-Chill im Crazy Daisy ist der perfekte Weg, um nach einem Tag im Schnee zu entspannen. Bei sanften Kl\u00e4ngen, gem\u00fctlichen Drinks und einer lebhaften Alpenatmosph\u00e4re treffen hier winterliche Entspannung auf atemberaubende Aussichten und coole Cocktails.<\/p>\t\t\t\t\t\t\t\t<\/div>\n\t\t\t\t<\/div>\n\t\t\t\t<div class=\"elementor-element elementor-element-9400638 elementor-widget elementor-widget-text-editor\" data-id=\"9400638\" data-element_type=\"widget\" data-e-type=\"widget\" data-widget_type=\"text-editor.default\">\n\t\t\t\t<div class=\"elementor-widget-container\">\n\t\t\t\t\t\t\t\t\t<p>Genie\u00dfen Sie bei k\u00fchlen Getr\u00e4nken und frischer Winterluft sanfte Kl\u00e4nge, die f\u00fcr Stimmung sorgen. Bei Apr\u00e8s-Chill geht es um die einfachen Freuden des Lebens: tolle Musik, gute Gesellschaft und atemberaubende Aussichten.<\/p>\t\t\t\t\t\t\t\t<\/div>\n\t\t\t\t<\/div>\n\t\t\t\t<div data-dce-text-color=\"#000000\" class=\"elementor-element elementor-element-4930e81 elementor-widget elementor-widget-ucaddon_underline_link_hover_effect\" data-id=\"4930e81\" data-element_type=\"widget\" data-e-type=\"widget\" data-widget_type=\"ucaddon_underline_link_hover_effect.default\">\n\t\t\t\t<div class=\"elementor-widget-container\">\n\t\t\t\t\t\n<!-- start Underline Link Hover Effect -->\n\t\t<link id='font-awesome-css' href='https:\/\/crazy-daisy.at\/wp-content\/plugins\/unlimited-elements-for-elementor-premium\/assets_libraries\/font-awesome6\/fontawesome-all.min.css' type='text\/css' rel='stylesheet' >\n\t\t<link id='font-awesome-4-shim-css' href='https:\/\/crazy-daisy.at\/wp-content\/plugins\/unlimited-elements-for-elementor-premium\/assets_libraries\/font-awesome6\/fontawesome-v4-shims.min.css' type='text\/css' rel='stylesheet' >\n\n<style>\/* widget: Underline Link Hover Effect *\/\n\n#uc_underline_link_hover_effect_elementor_4930e81{\n  display:flex;\n} \n\n#uc_underline_link_hover_effect_elementor_4930e81 a.ue-link{\n  display:flex;\n  position:relative;\n  align-items:center;\n  justify-content:center;\n  text-decoration:none;\n}\n\n#uc_underline_link_hover_effect_elementor_4930e81 a.ue-link:after{\n  content: \"\";\n    width:100%;\n    position:absolute;\n  bottom:0px;\n    left:0px;\n    display: block;\n  transition:1s;\n}\n\n#uc_underline_link_hover_effect_elementor_4930e81 a:hover:after{\n    width:0%;\n  }\n\n#uc_underline_link_hover_effect_elementor_4930e81 .ue-link-hover-effect-spacing{\n  transition:1s;\n}\n\n#uc_underline_link_hover_effect_elementor_4930e81 .ue-link-hover-effect-text{\n  padding:10px 0px;\n}\n\n#uc_underline_link_hover_effect_elementor_4930e81 .ue-link-hover-effect-icon{\n  line-height:1em;\n  transition:1s;\n}\n\n#uc_underline_link_hover_effect_elementor_4930e81 .ue-link-hover-effect-icon svg{\n  height:1em;\n  width:1em;\n}\n\n<\/style>\n\n<div id=\"uc_underline_link_hover_effect_elementor_4930e81\" class=\"ue-link-wrap\">\n  <a class=\"ue-link\" href=\"#videos\" >\n    <div class=\"ue-link-hover-effect-text\">LIVE-MUSIKVIDEOS<\/div>\n    <div class=\"ue-link-hover-effect-spacing\"><\/div>\n    <div class=\"ue-link-hover-effect-icon\"><i class='fas fa-arrow-right'><\/i><\/div>\n  <\/a>\n<\/div>\n<!-- end Underline Link Hover Effect -->\t\t\t\t<\/div>\n\t\t\t\t<\/div>\n\t\t\t\t<\/div>\n\t\t\t\t<\/div>\n\t\t\t\t<\/div>\n\t\t\t\t\t<\/div>\n\t\t\t\t<\/div>\n\t\t\t\t<\/div>\n\t\t<div data-particle_enable=\"false\" data-particle-mobile-disabled=\"false\" class=\"elementor-element elementor-element-e7d0760 e-flex e-con-boxed e-con e-parent\" data-id=\"e7d0760\" data-element_type=\"container\" data-e-type=\"container\" data-settings=\"{&quot;background_background&quot;:&quot;classic&quot;}\">\n\t\t\t\t\t<div class=\"e-con-inner\">\n\t\t<div data-particle_enable=\"false\" data-particle-mobile-disabled=\"false\" class=\"elementor-element elementor-element-3dd5c38 e-con-full e-flex e-con e-child\" data-id=\"3dd5c38\" data-element_type=\"container\" data-e-type=\"container\">\n\t\t\t\t<div data-dce-text-color=\"#F5F5F5B3\" class=\"elementor-element elementor-element-2dd763e elementor-invisible elementor-widget elementor-widget-text-editor\" data-id=\"2dd763e\" data-element_type=\"widget\" data-e-type=\"widget\" data-settings=\"{&quot;_animation&quot;:&quot;slideInLeft&quot;}\" data-widget_type=\"text-editor.default\">\n\t\t\t\t<div class=\"elementor-widget-container\">\n\t\t\t\t\t\t\t\t\t<p>APR\u00c8S CHILL<\/p>\t\t\t\t\t\t\t\t<\/div>\n\t\t\t\t<\/div>\n\t\t\t\t<div class=\"elementor-element elementor-element-1e24041 dce_masking-none elementor-widget elementor-widget-image\" data-id=\"1e24041\" data-element_type=\"widget\" data-e-type=\"widget\" data-widget_type=\"image.default\">\n\t\t\t\t<div class=\"elementor-widget-container\">\n\t\t\t\t\t\t\t\t\t\t\t\t\t\t\t<img decoding=\"async\" src=\"https:\/\/crazy-daisy.at\/wp-content\/uploads\/elementor\/thumbs\/Apres_Chill_Schnee_Outdoor_Drinks-qyotr1qfcbu53u4m89uawfvamh5rbwyfeyqj404lco.jpg\" title=\"Apres Chill Schnee Outdoor Drinks\" alt=\"Apres Chill Schnee Outdoor Drinks\" loading=\"lazy\" \/>\t\t\t\t\t\t\t\t\t\t\t\t\t\t\t<\/div>\n\t\t\t\t<\/div>\n\t\t<div data-particle_enable=\"false\" data-particle-mobile-disabled=\"false\" data-dce-background-overlay-color=\"#494743\" class=\"elementor-element elementor-element-444e6ae e-con-full e-flex e-con e-child\" data-id=\"444e6ae\" data-element_type=\"container\" data-e-type=\"container\" data-settings=\"{&quot;background_background&quot;:&quot;classic&quot;}\">\n\t\t\t\t<div data-dce-text-color=\"#FFC107\" class=\"elementor-element elementor-element-b02243d elementor-widget elementor-widget-text-editor\" data-id=\"b02243d\" data-element_type=\"widget\" data-e-type=\"widget\" data-widget_type=\"text-editor.default\">\n\t\t\t\t<div class=\"elementor-widget-container\">\n\t\t\t\t\t\t\t\t\t<p>Abk\u00fchlung, Prost, <span class=\"inline-text\">Wintermomente<\/span><\/p>\t\t\t\t\t\t\t\t<\/div>\n\t\t\t\t<\/div>\n\t\t\t\t<div class=\"elementor-element elementor-element-103d47c elementor-widget elementor-widget-text-editor\" data-id=\"103d47c\" data-element_type=\"widget\" data-e-type=\"widget\" data-widget_type=\"text-editor.default\">\n\t\t\t\t<div class=\"elementor-widget-container\">\n\t\t\t\t\t\t\t\t\t<p>Genie\u00dfen Sie den alpinen Lebensstil im Crazy Daisy&#8217;s Apr\u00e8s-Chill, wo sich jeder Winternachmittag in ein Fest der Entspannung und des Vergn\u00fcgens verwandelt.<\/p>\t\t\t\t\t\t\t\t<\/div>\n\t\t\t\t<\/div>\n\t\t\t\t<div class=\"elementor-element elementor-element-877163d elementor-widget elementor-widget-text-editor\" data-id=\"877163d\" data-element_type=\"widget\" data-e-type=\"widget\" data-widget_type=\"text-editor.default\">\n\t\t\t\t<div class=\"elementor-widget-container\">\n\t\t\t\t\t\t\t\t\t<p>T\u00e4glich ab 16 Uhr auf unserer Panoramaterrasse<\/p>\t\t\t\t\t\t\t\t<\/div>\n\t\t\t\t<\/div>\n\t\t\t\t<div class=\"elementor-element elementor-element-b30d7b8 elementor-widget elementor-widget-text-editor\" data-id=\"b30d7b8\" data-element_type=\"widget\" data-e-type=\"widget\" data-widget_type=\"text-editor.default\">\n\t\t\t\t<div class=\"elementor-widget-container\">\n\t\t\t\t\t\t\t\t\t<p>Sie k\u00f6nnen sich in der perfekten Winteratmosph\u00e4re entspannen, umgeben von einem atemberaubenden Blick auf den Zeller See und die Berge. Kommen Sie zu uns und genie\u00dfen Sie den Winter in den Alpen &#8211; wo Genuss, Musik und unvergessliche Momente im Mittelpunkt stehen.<\/p>\t\t\t\t\t\t\t\t<\/div>\n\t\t\t\t<\/div>\n\t\t\t\t<div data-dce-text-color=\"#000000\" class=\"elementor-element elementor-element-4f11ac6 elementor-widget elementor-widget-ucaddon_underline_link_hover_effect\" data-id=\"4f11ac6\" data-element_type=\"widget\" data-e-type=\"widget\" data-widget_type=\"ucaddon_underline_link_hover_effect.default\">\n\t\t\t\t<div class=\"elementor-widget-container\">\n\t\t\t\t\t\n<!-- start Underline Link Hover Effect -->\n\n<style>\/* widget: Underline Link Hover Effect *\/\n\n#uc_underline_link_hover_effect_elementor_4f11ac6{\n  display:flex;\n} \n\n#uc_underline_link_hover_effect_elementor_4f11ac6 a.ue-link{\n  display:flex;\n  position:relative;\n  align-items:center;\n  justify-content:center;\n  text-decoration:none;\n}\n\n#uc_underline_link_hover_effect_elementor_4f11ac6 a.ue-link:after{\n  content: \"\";\n    width:100%;\n    position:absolute;\n  bottom:0px;\n    left:0px;\n    display: block;\n  transition:1s;\n}\n\n#uc_underline_link_hover_effect_elementor_4f11ac6 a:hover:after{\n    width:0%;\n  }\n\n#uc_underline_link_hover_effect_elementor_4f11ac6 .ue-link-hover-effect-spacing{\n  transition:1s;\n}\n\n#uc_underline_link_hover_effect_elementor_4f11ac6 .ue-link-hover-effect-text{\n  padding:10px 0px;\n}\n\n#uc_underline_link_hover_effect_elementor_4f11ac6 .ue-link-hover-effect-icon{\n  line-height:1em;\n  transition:1s;\n}\n\n#uc_underline_link_hover_effect_elementor_4f11ac6 .ue-link-hover-effect-icon svg{\n  height:1em;\n  width:1em;\n}\n\n<\/style>\n\n<div id=\"uc_underline_link_hover_effect_elementor_4f11ac6\" class=\"ue-link-wrap\">\n  <a class=\"ue-link\" href=\"https:\/\/crazy-daisy.at\/de\/terrasse\/\" >\n    <div class=\"ue-link-hover-effect-text\">DAISY's TERRACES<\/div>\n    <div class=\"ue-link-hover-effect-spacing\"><\/div>\n    <div class=\"ue-link-hover-effect-icon\"><i class='fas fa-arrow-right'><\/i><\/div>\n  <\/a>\n<\/div>\n<!-- end Underline Link Hover Effect -->\t\t\t\t<\/div>\n\t\t\t\t<\/div>\n\t\t\t\t<\/div>\n\t\t\t\t<\/div>\n\t\t\t\t\t<\/div>\n\t\t\t\t<\/div>\n\t\t<div data-particle_enable=\"false\" data-particle-mobile-disabled=\"false\" class=\"elementor-element elementor-element-aed0f9f e-con-full e-flex e-con e-parent\" data-id=\"aed0f9f\" data-element_type=\"container\" data-e-type=\"container\" data-settings=\"{&quot;background_background&quot;:&quot;classic&quot;}\">\n\t\t<div data-particle_enable=\"false\" data-particle-mobile-disabled=\"false\" class=\"elementor-element elementor-element-9eda4f2 e-flex e-con-boxed e-con e-child\" data-id=\"9eda4f2\" data-element_type=\"container\" data-e-type=\"container\">\n\t\t\t\t\t<div class=\"e-con-inner\">\n\t\t\t\t<div class=\"elementor-element elementor-element-3893d6b elementor-widget elementor-widget-heading\" data-id=\"3893d6b\" data-element_type=\"widget\" data-e-type=\"widget\" data-widget_type=\"heading.default\">\n\t\t\t\t<div class=\"elementor-widget-container\">\n\t\t\t\t\t<h2 class=\"elementor-heading-title elementor-size-default\">Sehen Sie sich unsere Live-Musikvideos an<\/h2>\t\t\t\t<\/div>\n\t\t\t\t<\/div>\n\t\t\t\t<div data-dce-title-color=\"#ffffff\" class=\"elementor-element elementor-element-890d185 elementor-widget elementor-widget-ucaddon_play_list_video_gallery\" data-id=\"890d185\" data-element_type=\"widget\" data-e-type=\"widget\" data-widget_type=\"ucaddon_play_list_video_gallery.default\">\n\t\t\t\t<div class=\"elementor-widget-container\">\n\t\t\t\t\t\n<!-- start Video Playlist -->\n\t\t<link id='unitegallery-css' href='https:\/\/crazy-daisy.at\/wp-content\/plugins\/unlimited-elements-for-elementor-premium\/assets_libraries\/unitegallery\/css\/unite-gallery.css' type='text\/css' rel='stylesheet' >\n\n<style>\/* widget: Video Playlist *\/\n\n#uc_play_list_video_gallery_elementor_890d185{\n  min-height:1px;\n}\n\n\/* ----- Thumb Wrapper ------- *\/\n#uc_play_list_video_gallery_elementor_890d185  .ug-thumb-wrapper{\n\tcursor:pointer; \n    text-align:left;\n    transition-duration: all 200ms!important;\n    -webkit-transition: all 200ms!important;\n}\n\n\/* - thumb selected and over - *\/\n#uc_play_list_video_gallery_elementor_890d185 .ug-thumb-wrapper.ug-thumb-over{\n\tcursor:pointer;\n}\n#uc_play_list_video_gallery_elementor_890d185 .ug-thumb-wrapper.ug-thumb-selected{\n\tcursor:default;\n}\n\n\/* ----- Thumb Inner data ------- *\/\n#uc_play_list_video_gallery_elementor_890d185 .ug-thumb-icon{\n\tbackground-position:center center;\n\tbackground-size:cover;\n    flex-grow:0;\n    flex-shrink:0;\n  \t  \t}\n#uc_play_list_video_gallery_elementor_890d185 .ug-thumb-selected .ug-thumb-icon{\n\tbox-sizing: border-box;\n}\n\n#uc_play_list_video_gallery_elementor_890d185.ug-videoskin-bottom .ug-thumb-icon,\n#uc_play_list_video_gallery_elementor_890d185.ug-videoskin-top .ug-thumb-icon{\n\tposition: absolute;\n  \ttop: 0;\n  \tleft: 0;\n  \twidth: 100%;\n  \theight: 100%;\n  \tz-index: -1;\n}\n\n#uc_play_list_video_gallery_elementor_890d185.ug-videoskin-bottom .ug-thumb-content,\n#uc_play_list_video_gallery_elementor_890d185.ug-videoskin-top .ug-thumb-content{\n\tposition: absolute;\n  \twidth: 100%;\n  \tbottom: 0;\n  \tleft: 50%;\n  \ttransform: translate(-50%, 0);\n  \ttransition: background-color .3s !important;\n}\n\n#uc_play_list_video_gallery_elementor_890d185 .ug-thumb-play-button{\n\tdisplay: none;\n}\n\n#uc_play_list_video_gallery_elementor_890d185.ug-videoskin-bottom .ug-thumb-play-button,\n#uc_play_list_video_gallery_elementor_890d185.ug-videoskin-top .ug-thumb-play-button{\n  \tdisplay: block;\n\tposition: absolute;\n  \ttop: 50%;\n  \tleft: 50%;\n  \ttransform: translate(-50%, -50%);\n    z-index: 1;\n  \tcursor: pointer;\n  \t display: none;   \t\n}\n\n#uc_play_list_video_gallery_elementor_890d185 .ug-thumb-inner{\n  display:flex;\n      }\n#uc_play_list_video_gallery_elementor_890d185 .ug-thumb-title{\n\toverflow:hidden;\n    }\n#uc_play_list_video_gallery_elementor_890d185 .ug-thumb-desc{\n    }\n\n\n#uc_play_list_video_gallery_elementor_890d185 .ug-strip-panel{\n\tz-index: 101;\n\tposition: relative;\n}\n\n\n\n\n<\/style>\n\n<div id=\"uc_play_list_video_gallery_elementor_890d185\" class=\"\" style=\"display:none;\"  data-remote-type=\"gallery\">\n\t  <div data-type=\"html5video\"\n     data-title=\"TRES DOGS\"\n     data-description=\"TRES DOGS - LIVE - in der Villa Crazy Daisy\"\n     data-thumb=\"\"\n     data-image=\"\"\n     data-videomp4=\"https:\/\/crazy-daisy.at\/wp-content\/uploads\/2024\/10\/Tres_Dogs_LIve_Music_Zell_am_see.mp4\">\n  <\/div>\n\n  <div data-type=\"html5video\"\n     data-title=\"RUBY WELTS\"\n     data-description=\"RUBYS WELTS - LIVE - in der Villa Crazy Daisy\"\n     data-thumb=\"\"\n     data-image=\"\"\n     data-videomp4=\"https:\/\/crazy-daisy.at\/wp-content\/uploads\/2024\/10\/Ruby_Welts_Live_Music_Zell_am_see.mp4\">\n  <\/div>\n\n  <div data-type=\"html5video\"\n     data-title=\"BOOTS\"\n     data-description=\"BOOTS - LIVE - in der Villa Crazy Daisy\"\n     data-thumb=\"\"\n     data-image=\"\"\n     data-videomp4=\"https:\/\/crazy-daisy.at\/wp-content\/uploads\/2024\/10\/Boots_Live_Music_Zell_am_See.mp4\">\n  <\/div>\n\n\n<\/div>\n<!-- end Video Playlist -->\t\t\t\t<\/div>\n\t\t\t\t<\/div>\n\t\t\t\t\t<\/div>\n\t\t\t\t<\/div>\n\t\t<div data-particle_enable=\"false\" data-particle-mobile-disabled=\"false\" class=\"elementor-element elementor-element-79ac4d3 e-flex e-con-boxed e-con e-child\" data-id=\"79ac4d3\" data-element_type=\"container\" data-e-type=\"container\">\n\t\t\t\t\t<div class=\"e-con-inner\">\n\t\t\t\t<div class=\"elementor-element elementor-element-a5a2f88 elementor-widget elementor-widget-text-editor\" data-id=\"a5a2f88\" data-element_type=\"widget\" data-e-type=\"widget\" data-widget_type=\"text-editor.default\">\n\t\t\t\t<div class=\"elementor-widget-container\">\n\t\t\t\t\t\t\t\t\t<p>Weitere aktuelle Videos finden Sie auf Facebook und Instagram<\/p>\t\t\t\t\t\t\t\t<\/div>\n\t\t\t\t<\/div>\n\t\t\t\t<div class=\"elementor-element elementor-element-ded1120 elementor-shape-rounded elementor-grid-0 e-grid-align-center elementor-widget elementor-widget-social-icons\" data-id=\"ded1120\" data-element_type=\"widget\" data-e-type=\"widget\" data-widget_type=\"social-icons.default\">\n\t\t\t\t<div class=\"elementor-widget-container\">\n\t\t\t\t\t\t\t<div class=\"elementor-social-icons-wrapper elementor-grid\" role=\"list\">\n\t\t\t\t\t\t\t<span class=\"elementor-grid-item\" role=\"listitem\">\n\t\t\t\t\t<a class=\"elementor-icon elementor-social-icon elementor-social-icon-facebook elementor-repeater-item-a0c519c\" href=\"https:\/\/www.facebook.com\/villa-crazy-daisy-100063640686543\/\" target=\"_blank\">\n\t\t\t\t\t\t<span class=\"elementor-screen-only\">Facebook<\/span>\n\t\t\t\t\t\t<svg aria-hidden=\"true\" class=\"e-font-icon-svg e-fab-facebook\" viewBox=\"0 0 512 512\" xmlns=\"http:\/\/www.w3.org\/2000\/svg\"><path d=\"M504 256C504 119 393 8 256 8S8 119 8 256c0 123.78 90.69 226.38 209.25 245V327.69h-63V256h63v-54.64c0-62.15 37-96.48 93.67-96.48 27.14 0 55.52 4.84 55.52 4.84v61h-31.28c-30.8 0-40.41 19.12-40.41 38.73V256h68.78l-11 71.69h-57.78V501C413.31 482.38 504 379.78 504 256z\"><\/path><\/svg>\t\t\t\t\t<\/a>\n\t\t\t\t<\/span>\n\t\t\t\t\t\t\t<span class=\"elementor-grid-item\" role=\"listitem\">\n\t\t\t\t\t<a class=\"elementor-icon elementor-social-icon elementor-social-icon-instagram elementor-repeater-item-c40e11d\" href=\"https:\/\/www.instagram.com\/villa_crazy_daisy\" target=\"_blank\">\n\t\t\t\t\t\t<span class=\"elementor-screen-only\">Instagram<\/span>\n\t\t\t\t\t\t<svg aria-hidden=\"true\" class=\"e-font-icon-svg e-fab-instagram\" viewBox=\"0 0 448 512\" xmlns=\"http:\/\/www.w3.org\/2000\/svg\"><path d=\"M224.1 141c-63.6 0-114.9 51.3-114.9 114.9s51.3 114.9 114.9 114.9S339 319.5 339 255.9 287.7 141 224.1 141zm0 189.6c-41.1 0-74.7-33.5-74.7-74.7s33.5-74.7 74.7-74.7 74.7 33.5 74.7 74.7-33.6 74.7-74.7 74.7zm146.4-194.3c0 14.9-12 26.8-26.8 26.8-14.9 0-26.8-12-26.8-26.8s12-26.8 26.8-26.8 26.8 12 26.8 26.8zm76.1 27.2c-1.7-35.9-9.9-67.7-36.2-93.9-26.2-26.2-58-34.4-93.9-36.2-37-2.1-147.9-2.1-184.9 0-35.8 1.7-67.6 9.9-93.9 36.1s-34.4 58-36.2 93.9c-2.1 37-2.1 147.9 0 184.9 1.7 35.9 9.9 67.7 36.2 93.9s58 34.4 93.9 36.2c37 2.1 147.9 2.1 184.9 0 35.9-1.7 67.7-9.9 93.9-36.2 26.2-26.2 34.4-58 36.2-93.9 2.1-37 2.1-147.8 0-184.8zM398.8 388c-7.8 19.6-22.9 34.7-42.6 42.6-29.5 11.7-99.5 9-132.1 9s-102.7 2.6-132.1-9c-19.6-7.8-34.7-22.9-42.6-42.6-11.7-29.5-9-99.5-9-132.1s-2.6-102.7 9-132.1c7.8-19.6 22.9-34.7 42.6-42.6 29.5-11.7 99.5-9 132.1-9s102.7-2.6 132.1 9c19.6 7.8 34.7 22.9 42.6 42.6 11.7 29.5 9 99.5 9 132.1s2.7 102.7-9 132.1z\"><\/path><\/svg>\t\t\t\t\t<\/a>\n\t\t\t\t<\/span>\n\t\t\t\t\t<\/div>\n\t\t\t\t\t\t<\/div>\n\t\t\t\t<\/div>\n\t\t\t\t\t<\/div>\n\t\t\t\t<\/div>\n\t\t\t\t<\/div>\n\t\t\t\t<\/div>\n\t\t","protected":false},"excerpt":{"rendered":"<p>RESTAURANT | BAR | EVENTS APR\u00c8SCHILL K\u00fchle Beats, Warme Getr\u00e4nke CRAZY DAISY&#8217;s Apr\u00e8s Chill Der k\u00fchlste Ort des Winters in Zell am See Alpine Vibes,ultimative Abk\u00fchlung Apr\u00e8s-Chill im Crazy Daisy ist der perfekte Weg, um nach einem Tag im Schnee zu entspannen. Bei sanften Kl\u00e4ngen, gem\u00fctlichen Drinks und einer lebhaften Alpenatmosph\u00e4re treffen hier winterliche Entspannung [&hellip;]<\/p>\n","protected":false},"author":7,"featured_media":0,"parent":0,"menu_order":0,"comment_status":"closed","ping_status":"closed","template":"elementor_header_footer","meta":{"_acf_changed":false,"_seopress_robots_primary_cat":"","_seopress_titles_title":"Apr\u00e8s-Chill in der Villa Crazy Daisy - Entspannen Sie sich in Zell am See","_seopress_titles_desc":"Entspannen Sie sich nach einem alpinen Tag in der Apr\u00e8s-Chill-Lounge der Villa Crazy Daisy. Genie\u00dfen Sie ein gem\u00fctliches Ambiente, charakteristische Drinks und freundliche Gesellschaft in Zell am See.","_seopress_robots_index":"","_seopress_analysis_target_kw":"","footnotes":""},"class_list":["post-26060","page","type-page","status-publish","hentry"],"acf":[],"_links":{"self":[{"href":"https:\/\/crazy-daisy.at\/de\/wp-json\/wp\/v2\/pages\/26060","targetHints":{"allow":["GET"]}}],"collection":[{"href":"https:\/\/crazy-daisy.at\/de\/wp-json\/wp\/v2\/pages"}],"about":[{"href":"https:\/\/crazy-daisy.at\/de\/wp-json\/wp\/v2\/types\/page"}],"author":[{"embeddable":true,"href":"https:\/\/crazy-daisy.at\/de\/wp-json\/wp\/v2\/users\/7"}],"replies":[{"embeddable":true,"href":"https:\/\/crazy-daisy.at\/de\/wp-json\/wp\/v2\/comments?post=26060"}],"version-history":[{"count":32,"href":"https:\/\/crazy-daisy.at\/de\/wp-json\/wp\/v2\/pages\/26060\/revisions"}],"predecessor-version":[{"id":26534,"href":"https:\/\/crazy-daisy.at\/de\/wp-json\/wp\/v2\/pages\/26060\/revisions\/26534"}],"wp:attachment":[{"href":"https:\/\/crazy-daisy.at\/de\/wp-json\/wp\/v2\/media?parent=26060"}],"curies":[{"name":"wp","href":"https:\/\/api.w.org\/{rel}","templated":true}]}}